{"id":46,"date":"2018-10-31T16:25:35","date_gmt":"2018-10-31T16:25:35","guid":{"rendered":"https:\/\/moblespladevall.cat\/?page_id=46"},"modified":"2019-03-10T07:46:49","modified_gmt":"2019-03-10T07:46:49","slug":"empresa","status":"publish","type":"page","link":"https:\/\/moblespladevall.cat\/es\/empresa","title":{"rendered":"Empresa"},"content":{"rendered":"<p><\/p>\n<div style=\"text-align: center;\">\n<div><\/div>\n<div><\/div>\n<\/div>\n<div style=\"text-align: center;\"><\/div>\n<p>&nbsp;<\/p>\n<table class=\" aligncenter\" style=\"height: 480px; width: 100%;\">\n<tbody>\n<tr>\n<td style=\"width: 25%; height: 480px; text-align: left;\"><\/td>\n<td style=\"width: 50%; height: 480px;\"><div style=\"width: 640px;\" class=\"wp-video\"><video class=\"wp-video-shortcode\" id=\"video-46-2\" width=\"640\" height=\"480\" loop autoplay preload=\"auto\" controls=\"controls\"><source type=\"video\/mp4\" src=\"https:\/\/moblespladevall.cat\/wp-content\/uploads\/2019\/03\/Mobles-Pladevall-640x480.mp4?_=2\" \/><a href=\"https:\/\/moblespladevall.cat\/wp-content\/uploads\/2019\/03\/Mobles-Pladevall-640x480.mp4\">https:\/\/moblespladevall.cat\/wp-content\/uploads\/2019\/03\/Mobles-Pladevall-640x480.mp4<\/a><\/video><\/div><\/td>\n<td style=\"width: 25%; height: 480px;\"><\/td>\n<\/tr>\n<\/tbody>\n<\/table>\n<p>&nbsp;<\/p>\n<table style=\"width: 100%;\">\n<tbody>\n<tr>\n<td style=\"width: 15%;\"><\/td>\n<td style=\"width: 70%;\"><span style=\"font-family: verdana, geneva, sans-serif;\">Mobles Pladevall <\/span><span style=\"font-family: verdana, geneva, sans-serif;\">somos una empresa fundada en Vic (Barcelona), dedicada exclusivamente a la fabricaci\u00f3n i comercialitzaci\u00f3n del mueble.<\/span><\/p>\n<p>&nbsp;<\/p>\n<p><span style=\"font-family: verdana, geneva, sans-serif;\"><em><strong><span id=\"result_box\" class=\"\" lang=\"es\" tabindex=\"-1\"><span class=\"\">Disponemos de maquinaria<\/span> de \u00faltima generaci\u00f3n para poder fabricar con unos <span class=\"\">acabados<\/span> <span class=\"\">perfectos y<\/span> poder ofrecer los mejores <span class=\"\">precios del<\/span> <span class=\"\">mercado.<\/span><\/span><\/strong><\/em><\/span><\/p>\n<p><span style=\"font-family: verdana, geneva, sans-serif;\"><em><strong><span id=\"result_box\" class=\"\" lang=\"es\" tabindex=\"-1\"><span class=\"\">En nuestra<\/span> tienda encontrar\u00e1n una extensa gama de mobiliario y complemento de <span class=\"\">todos los estilos<\/span>, al mejor dise\u00f1o y la m\u00e1xima calidad a precio de f\u00e1brica.<\/span><\/strong><\/em><\/span><\/p>\n<p><span style=\"font-family: verdana, geneva, sans-serif;\"><em><strong><span id=\"result_box\" class=\"\" lang=\"es\" tabindex=\"-1\"><span class=\"\">Ofrecemos<\/span> a nuestros clientes el mejor trato personal y el mejor servicio profesional para facilitar al m\u00e1ximo la decoraci\u00f3n de su casa.<\/span><\/strong><\/em><\/span><\/p>\n<p><span style=\"font-family: verdana, geneva, sans-serif;\"><em><strong>Nuestro equipo de profesionales, tanto en el campo del dise\u00f1o y decoraci\u00f3n como en el transporte y montaje, har\u00e1 realidad que tenga una casa de insomnio, de una manera f\u00e1cil y r\u00e1pida.<\/strong><\/em><\/span><\/td>\n<td style=\"width: 15%;\"><\/td>\n<\/tr>\n<\/tbody>\n<\/table>\n<p>&nbsp;<\/p>","protected":false},"excerpt":{"rendered":"<p>&nbsp; &nbsp; Mobles Pladevall somos una empresa fundada en Vic (Barcelona), dedicada exclusivamente a la fabricaci\u00f3n i comercialitzaci\u00f3n del mueble. &nbsp; Disponemos de maquinaria de \u00faltima generaci\u00f3n para poder fabricar con unos acabados perfectos y poder ofrecer los mejores precios del mercado. En nuestra tienda encontrar\u00e1n una extensa gama de mobiliario y complemento de todos los estilos, al mejor dise\u00f1o y la m\u00e1xima calidad a precio de f\u00e1brica. Ofrecemos a nuestros clientes el mejor trato&hellip;<\/p>\n","protected":false},"author":1,"featured_media":0,"parent":0,"menu_order":0,"comment_status":"closed","ping_status":"closed","template":"","meta":{"footnotes":""},"class_list":["post-46","page","type-page","status-publish","hentry","no-thumbnail"],"jetpack_sharing_enabled":true,"_links":{"self":[{"href":"https:\/\/moblespladevall.cat\/es\/wp-json\/wp\/v2\/pages\/46","targetHints":{"allow":["GET"]}}],"collection":[{"href":"https:\/\/moblespladevall.cat\/es\/wp-json\/wp\/v2\/pages"}],"about":[{"href":"https:\/\/moblespladevall.cat\/es\/wp-json\/wp\/v2\/types\/page"}],"author":[{"embeddable":true,"href":"https:\/\/moblespladevall.cat\/es\/wp-json\/wp\/v2\/users\/1"}],"replies":[{"embeddable":true,"href":"https:\/\/moblespladevall.cat\/es\/wp-json\/wp\/v2\/comments?post=46"}],"version-history":[{"count":44,"href":"https:\/\/moblespladevall.cat\/es\/wp-json\/wp\/v2\/pages\/46\/revisions"}],"predecessor-version":[{"id":2120,"href":"https:\/\/moblespladevall.cat\/es\/wp-json\/wp\/v2\/pages\/46\/revisions\/2120"}],"wp:attachment":[{"href":"https:\/\/moblespladevall.cat\/es\/wp-json\/wp\/v2\/media?parent=46"}],"curies":[{"name":"wp","href":"https:\/\/api.w.org\/{rel}","templated":true}]}}