{"id":1337,"date":"2019-01-23T04:01:13","date_gmt":"2019-01-23T04:01:13","guid":{"rendered":"https:\/\/moblespladevall.cat\/?post_type=product&#038;p=1337"},"modified":"2025-04-18T13:59:50","modified_gmt":"2025-04-18T13:59:50","slug":"base-entapissada-maxi","status":"publish","type":"product","link":"https:\/\/moblespladevall.cat\/es\/producto\/base-entapissada-maxi","title":{"rendered":"Base oxigen"},"content":{"rendered":"<p>Tapa madera Mdf \u00a0reforzada grueso 6 cms\/ Marco de contorno tapizado polipiel\/ tapizados Airfresh 3d con 4 airadores.<\/p>\n<p>Apto para colchones ergon\u00f3micos y de muelles.<\/p>\n<p>La base tapizada 6.0\u00a0desempe\u00f1a a la perfecci\u00f3n su funci\u00f3n. Firmeza y robustez con 5 barras transversales y cerco de 40\u00d730 cm. Tapizada con tejido 3d para favorecer la ventilaci\u00f3n.<\/p>\n<p>Otras medidas consultar.<\/p>","protected":false},"excerpt":{"rendered":"<p>Tapa madera Mdf \u00a0reforzada grueso 6 cms\/ Marco de contorno tapizado polipiel\/ tapizados Airfresh 3d con 4 airadores.<\/p>\n<p>Apto para colchones ergon\u00f3micos y de muelles.<\/p>\n<p>La base tapizada 6.0\u00a0desempe\u00f1a a la perfecci\u00f3n su funci\u00f3n. Firmeza y robustez con 5 barras transversales y cerco de 40\u00d730 cm. Tapizada con tejido 3d para favorecer la ventilaci\u00f3n.<\/p>\n<p>Otras medidas consultar.<\/p>\n","protected":false},"featured_media":2815,"template":"","meta":[],"product_brand":[],"product_cat":[147],"product_tag":[],"class_list":{"0":"post-1337","1":"product","2":"type-product","3":"status-publish","4":"has-post-thumbnail","6":"product_cat-somiers-bases","7":"no-thumbnail","9":"first","10":"instock","11":"shipping-taxable","12":"purchasable","13":"product-type-variable","14":"has-default-attributes"},"jetpack_sharing_enabled":true,"_links":{"self":[{"href":"https:\/\/moblespladevall.cat\/es\/wp-json\/wp\/v2\/product\/1337","targetHints":{"allow":["GET"]}}],"collection":[{"href":"https:\/\/moblespladevall.cat\/es\/wp-json\/wp\/v2\/product"}],"about":[{"href":"https:\/\/moblespladevall.cat\/es\/wp-json\/wp\/v2\/types\/product"}],"wp:featuredmedia":[{"embeddable":true,"href":"https:\/\/moblespladevall.cat\/es\/wp-json\/wp\/v2\/media\/2815"}],"wp:attachment":[{"href":"https:\/\/moblespladevall.cat\/es\/wp-json\/wp\/v2\/media?parent=1337"}],"wp:term":[{"taxonomy":"product_brand","embeddable":true,"href":"https:\/\/moblespladevall.cat\/es\/wp-json\/wp\/v2\/product_brand?post=1337"},{"taxonomy":"product_cat","embeddable":true,"href":"https:\/\/moblespladevall.cat\/es\/wp-json\/wp\/v2\/product_cat?post=1337"},{"taxonomy":"product_tag","embeddable":true,"href":"https:\/\/moblespladevall.cat\/es\/wp-json\/wp\/v2\/product_tag?post=1337"}],"curies":[{"name":"wp","href":"https:\/\/api.w.org\/{rel}","templated":true}]}}