{"id":2525,"date":"2025-04-18T10:15:06","date_gmt":"2025-04-18T10:15:06","guid":{"rendered":"https:\/\/moblespladevall.cat\/?post_type=product&#038;p=2525"},"modified":"2025-04-18T10:35:17","modified_gmt":"2025-04-18T10:35:17","slug":"somier-articulat-electric-valencia","status":"publish","type":"product","link":"https:\/\/moblespladevall.cat\/es\/producto\/somier-articulat-electric-valencia","title":{"rendered":"Somier articulado el\u00e9ctrico Valencia"},"content":{"rendered":"<p>El somier articulado Valencia est\u00e1 fabricado con una estructura de tubo acerado de 60x20mm para mayor resistencia. Cuenta con multil\u00e1minas de madera de haya de 38mm, con doble l\u00e1mina lumbar y reguladores, proporcionando una adaptabilidad \u00f3ptima. Sus tacos de caucho Hytrel aseguran un soporte flexible y duradero. Este modelo incluye 5 planos de articulaci\u00f3n y un motor el\u00e9ctrico silencioso con funci\u00f3n de vuelta a cero, controlado mediante un mando ergon\u00f3mico por cable. Incluye patas m\u00e9tricas de 10mm.<\/p>\n<ul>\n<li>Altura total: 36 cm<\/li>\n<\/ul>\n<p><\/p>","protected":false},"excerpt":{"rendered":"<p class=\"qtranxs-available-languages-message qtranxs-available-languages-message-es\">Disculpa, pero esta entrada est\u00e1 disponible s\u00f3lo en <a href=\"https:\/\/moblespladevall.cat\/ca\/wp-json\/wp\/v2\/product\/2525\" class=\"qtranxs-available-language-link qtranxs-available-language-link-ca\" title=\"Catal\u00e0\">Catal\u00e0<\/a>.<\/p>\n","protected":false},"featured_media":2543,"template":"","meta":[],"product_brand":[],"product_cat":[147],"product_tag":[],"class_list":{"0":"post-2525","1":"product","2":"type-product","3":"status-publish","4":"has-post-thumbnail","6":"product_cat-somiers-bases","7":"no-thumbnail","9":"first","10":"instock","11":"shipping-taxable","12":"purchasable","13":"product-type-variable"},"jetpack_sharing_enabled":true,"_links":{"self":[{"href":"https:\/\/moblespladevall.cat\/es\/wp-json\/wp\/v2\/product\/2525","targetHints":{"allow":["GET"]}}],"collection":[{"href":"https:\/\/moblespladevall.cat\/es\/wp-json\/wp\/v2\/product"}],"about":[{"href":"https:\/\/moblespladevall.cat\/es\/wp-json\/wp\/v2\/types\/product"}],"wp:featuredmedia":[{"embeddable":true,"href":"https:\/\/moblespladevall.cat\/es\/wp-json\/wp\/v2\/media\/2543"}],"wp:attachment":[{"href":"https:\/\/moblespladevall.cat\/es\/wp-json\/wp\/v2\/media?parent=2525"}],"wp:term":[{"taxonomy":"product_brand","embeddable":true,"href":"https:\/\/moblespladevall.cat\/es\/wp-json\/wp\/v2\/product_brand?post=2525"},{"taxonomy":"product_cat","embeddable":true,"href":"https:\/\/moblespladevall.cat\/es\/wp-json\/wp\/v2\/product_cat?post=2525"},{"taxonomy":"product_tag","embeddable":true,"href":"https:\/\/moblespladevall.cat\/es\/wp-json\/wp\/v2\/product_tag?post=2525"}],"curies":[{"name":"wp","href":"https:\/\/api.w.org\/{rel}","templated":true}]}}