{"id":2673,"date":"2025-04-18T12:49:33","date_gmt":"2025-04-18T12:49:33","guid":{"rendered":"https:\/\/moblespladevall.cat\/?post_type=product&#038;p=2673"},"modified":"2025-04-18T13:30:13","modified_gmt":"2025-04-18T13:30:13","slug":"ter","status":"publish","type":"product","link":"https:\/\/moblespladevall.cat\/es\/producto\/ter","title":{"rendered":"Ter"},"content":{"rendered":"<p>Canap\u00e9 de madera de gran capacidad.<\/p>\n<p>Tapa de madera mdf refor\u00e7ada grueso \u00a06 cms\/ tapizado airfresh 3d negro.<\/p>\n<p>Colores madera Blanco\/wengue\/Cerezo.<\/p>\n<p>Otras medidas consultar.<\/p>\n<p>El canap\u00e9 Agora\u00a0+ cama a motor tiene una gran capacidad de almacenaje con 28 cm de altura interior. Estructura de madera vista de melamina alta densidad de 35 mm y\u00a04 patas de madera de haya. Incorpora un extra de confort al mundo del canap\u00e9 con su cama a motor con opci\u00f3n de mando inal\u00e1mbrico.<\/p>","protected":false},"excerpt":{"rendered":"<p>Canap\u00e9 de madera de gran capacidad.<\/p>\n<p>Tapa de madera mdf refor\u00e7ada grueso \u00a06 cms\/ tapizado airfresh 3d negro.<\/p>\n<p>Colores madera Blanco\/wengue\/Cerezo.<\/p>\n<p>Otras medidas consultar.<\/p>\n<p>El canap\u00e9 Agora\u00a0+ cama a motor tiene una gran capacidad de almacenaje con 28 cm de altura interior. Estructura de madera vista de melamina alta densidad de 35 mm y\u00a04 patas de madera de haya. Incorpora un extra de confort al mundo del canap\u00e9 con su cama a motor con opci\u00f3n de mando inal\u00e1mbrico.<\/p>\n","protected":false},"featured_media":2706,"template":"","meta":[],"product_brand":[],"product_cat":[148],"product_tag":[],"class_list":{"0":"post-2673","1":"product","2":"type-product","3":"status-publish","4":"has-post-thumbnail","6":"product_cat-canape-abatible","7":"no-thumbnail","9":"first","10":"instock","11":"shipping-taxable","12":"purchasable","13":"product-type-variable"},"jetpack_sharing_enabled":true,"_links":{"self":[{"href":"https:\/\/moblespladevall.cat\/es\/wp-json\/wp\/v2\/product\/2673","targetHints":{"allow":["GET"]}}],"collection":[{"href":"https:\/\/moblespladevall.cat\/es\/wp-json\/wp\/v2\/product"}],"about":[{"href":"https:\/\/moblespladevall.cat\/es\/wp-json\/wp\/v2\/types\/product"}],"wp:featuredmedia":[{"embeddable":true,"href":"https:\/\/moblespladevall.cat\/es\/wp-json\/wp\/v2\/media\/2706"}],"wp:attachment":[{"href":"https:\/\/moblespladevall.cat\/es\/wp-json\/wp\/v2\/media?parent=2673"}],"wp:term":[{"taxonomy":"product_brand","embeddable":true,"href":"https:\/\/moblespladevall.cat\/es\/wp-json\/wp\/v2\/product_brand?post=2673"},{"taxonomy":"product_cat","embeddable":true,"href":"https:\/\/moblespladevall.cat\/es\/wp-json\/wp\/v2\/product_cat?post=2673"},{"taxonomy":"product_tag","embeddable":true,"href":"https:\/\/moblespladevall.cat\/es\/wp-json\/wp\/v2\/product_tag?post=2673"}],"curies":[{"name":"wp","href":"https:\/\/api.w.org\/{rel}","templated":true}]}}