{"id":2920,"date":"2025-04-18T17:24:02","date_gmt":"2025-04-18T17:24:02","guid":{"rendered":"https:\/\/moblespladevall.cat\/?post_type=product&#038;p=2920"},"modified":"2025-04-18T17:24:02","modified_gmt":"2025-04-18T17:24:02","slug":"durmont","status":"publish","type":"product","link":"https:\/\/moblespladevall.cat\/es\/producto\/durmont","title":{"rendered":"Durmont"},"content":{"rendered":"<p>El sof\u00e1 Dumont es una chaiselongue de estilo contempor\u00e1neo que a\u00fana confort, funcionalidad y dise\u00f1o. Su estructura de madera de pino macizo y el tapizado en tela NASERA Easy Clean aseguran resistencia y f\u00e1cil mantenimiento. El cabecero, la ri\u00f1onera y los brazos est\u00e1n rellenos de fibra hueca siliconada, mientras que los asientos incorporan espuma HR de 30kg suave para un confort duradero.<\/p>\n<p>Dispone de 2 relax el\u00e9ctricos pared 0 que permiten reclinar sin necesidad de separarse de la pared, una chaiselongue con arc\u00f3n de apertura asistida por muelle y un pr\u00e1ctico arc\u00f3n adicional en el brazo. Adem\u00e1s, el modelo es completamente desenfundable e incluye 2 cojines decorativos, patas met\u00e1licas cromadas y control con puerto USB.<\/p>\n<ul>\n<li>Medidas sof\u00e1: 280 x 110 x 100 cm<\/li>\n<li>Medidas chaiselongue: 105 x 165 cm<\/li>\n<li>Ancho asiento: 80 cm<\/li>\n<\/ul>\n<p><strong>Versi\u00f3n lineal 3 asientos bajo pedido:<\/strong>\u00a0incluye relax en los dos extremos y asiento central fijo (plazo de servicio: 25\/30 d\u00edas).<\/p>","protected":false},"excerpt":{"rendered":"<p>El sof\u00e1 Dumont es una chaiselongue de estilo contempor\u00e1neo que a\u00fana confort, funcionalidad y dise\u00f1o. Su estructura de madera de pino macizo y el tapizado en tela NASERA Easy Clean aseguran resistencia y f\u00e1cil mantenimiento. El cabecero, la ri\u00f1onera y los brazos est\u00e1n rellenos de fibra hueca siliconada, mientras que los asientos incorporan espuma HR de 30kg suave para un confort duradero. Dispone de 2 relax el\u00e9ctricos pared 0 que permiten reclinar sin necesidad de&hellip;<\/p>\n","protected":false},"featured_media":2921,"template":"","meta":[],"product_brand":[],"product_cat":[141,61],"product_tag":[],"class_list":{"0":"post-2920","1":"product","2":"type-product","3":"status-publish","4":"has-post-thumbnail","6":"product_cat-mecanismes-electrics","7":"product_cat-tapiceria","8":"no-thumbnail","10":"first","11":"instock","12":"shipping-taxable","13":"purchasable","14":"product-type-simple"},"jetpack_sharing_enabled":true,"_links":{"self":[{"href":"https:\/\/moblespladevall.cat\/es\/wp-json\/wp\/v2\/product\/2920","targetHints":{"allow":["GET"]}}],"collection":[{"href":"https:\/\/moblespladevall.cat\/es\/wp-json\/wp\/v2\/product"}],"about":[{"href":"https:\/\/moblespladevall.cat\/es\/wp-json\/wp\/v2\/types\/product"}],"wp:featuredmedia":[{"embeddable":true,"href":"https:\/\/moblespladevall.cat\/es\/wp-json\/wp\/v2\/media\/2921"}],"wp:attachment":[{"href":"https:\/\/moblespladevall.cat\/es\/wp-json\/wp\/v2\/media?parent=2920"}],"wp:term":[{"taxonomy":"product_brand","embeddable":true,"href":"https:\/\/moblespladevall.cat\/es\/wp-json\/wp\/v2\/product_brand?post=2920"},{"taxonomy":"product_cat","embeddable":true,"href":"https:\/\/moblespladevall.cat\/es\/wp-json\/wp\/v2\/product_cat?post=2920"},{"taxonomy":"product_tag","embeddable":true,"href":"https:\/\/moblespladevall.cat\/es\/wp-json\/wp\/v2\/product_tag?post=2920"}],"curies":[{"name":"wp","href":"https:\/\/api.w.org\/{rel}","templated":true}]}}