{"id":2928,"date":"2025-04-18T17:40:30","date_gmt":"2025-04-18T17:40:30","guid":{"rendered":"https:\/\/moblespladevall.cat\/?post_type=product&#038;p=2928"},"modified":"2025-04-18T17:51:10","modified_gmt":"2025-04-18T17:51:10","slug":"mirage","status":"publish","type":"product","link":"https:\/\/moblespladevall.cat\/es\/producto\/mirage","title":{"rendered":"Mirage"},"content":{"rendered":"<p>El sof\u00e1 Mirage es una propuesta integral para quienes buscan el equilibrio perfecto entre dise\u00f1o, funcionalidad y confort. Su estructura est\u00e1 fabricada en madera de pino macizo y tapizado en tela NASERA Easy Clean, resistente y f\u00e1cil de mantener. Los cabeceros y ri\u00f1oneras est\u00e1n confeccionados en espuma suave, mientras que los asientos combinan espuma HR de 28kg con una capa superior supersoft de 5cm, ofreciendo una acogida excepcional.<\/p>\n<p>Entre sus prestaciones m\u00e1s destacadas est\u00e1n los\u00a0<strong>cabezales reclinables con sistema italiano<\/strong>, que permiten ajustar y fijar el respaldo en cualquier \u00e1ngulo, incluso completamente plano, mediante un sistema de carraca suave y robusto. Este sistema proporciona un confort ergon\u00f3mico adaptado a cada usuario.<\/p>\n<p>Dispone de asientos deslizantes con carro al suelo que maximizan la superficie \u00fatil sin comprometer el dise\u00f1o. A esto se suman unos\u00a0<strong>brazos con arc\u00f3n extra\u00edbles<\/strong>, ideales para guardar mantas, cojines o cualquier objeto de uso frecuente. Estos brazos se deslizan hacia afuera, ampliando el espacio y ofreciendo una soluci\u00f3n de almacenaje pr\u00e1ctica y discreta.<\/p>\n<p>El modelo Mirage es completamente desenfundable e incluye 2 cojines decorativos. Es un sof\u00e1 que lo tiene todo: dise\u00f1o, comodidad, soluciones inteligentes y una gran presencia.<\/p>\n<ul>\n<li>Medidas sof\u00e1: 280 x 85-105 x 103 cm<\/li>\n<li>Salida deslizante: 47 cm<\/li>\n<li>Ancho asiento: 70 cm<\/li>\n<\/ul>\n","protected":false},"excerpt":{"rendered":"<p>El sof\u00e1 Mirage es una propuesta integral para quienes buscan el equilibrio perfecto entre dise\u00f1o, funcionalidad y confort. Su estructura est\u00e1 fabricada en madera de pino macizo y tapizado en tela NASERA Easy Clean, resistente y f\u00e1cil de mantener. Los cabeceros y ri\u00f1oneras est\u00e1n confeccionados en espuma suave, mientras que los asientos combinan espuma HR de 28kg con una capa superior supersoft de 5cm, ofreciendo una acogida excepcional. Entre sus prestaciones m\u00e1s destacadas est\u00e1n los\u00a0cabezales&hellip;<\/p>\n","protected":false},"featured_media":2929,"template":"","meta":[],"product_brand":[],"product_cat":[140,61],"product_tag":[],"class_list":{"0":"post-2928","1":"product","2":"type-product","3":"status-publish","4":"has-post-thumbnail","6":"product_cat-cheislong","7":"product_cat-tapiceria","8":"no-thumbnail","10":"first","11":"instock","12":"shipping-taxable","13":"purchasable","14":"product-type-variable","15":"has-default-attributes"},"jetpack_sharing_enabled":true,"_links":{"self":[{"href":"https:\/\/moblespladevall.cat\/es\/wp-json\/wp\/v2\/product\/2928","targetHints":{"allow":["GET"]}}],"collection":[{"href":"https:\/\/moblespladevall.cat\/es\/wp-json\/wp\/v2\/product"}],"about":[{"href":"https:\/\/moblespladevall.cat\/es\/wp-json\/wp\/v2\/types\/product"}],"wp:featuredmedia":[{"embeddable":true,"href":"https:\/\/moblespladevall.cat\/es\/wp-json\/wp\/v2\/media\/2929"}],"wp:attachment":[{"href":"https:\/\/moblespladevall.cat\/es\/wp-json\/wp\/v2\/media?parent=2928"}],"wp:term":[{"taxonomy":"product_brand","embeddable":true,"href":"https:\/\/moblespladevall.cat\/es\/wp-json\/wp\/v2\/product_brand?post=2928"},{"taxonomy":"product_cat","embeddable":true,"href":"https:\/\/moblespladevall.cat\/es\/wp-json\/wp\/v2\/product_cat?post=2928"},{"taxonomy":"product_tag","embeddable":true,"href":"https:\/\/moblespladevall.cat\/es\/wp-json\/wp\/v2\/product_tag?post=2928"}],"curies":[{"name":"wp","href":"https:\/\/api.w.org\/{rel}","templated":true}]}}