{"id":2942,"date":"2025-04-18T18:16:53","date_gmt":"2025-04-18T18:16:53","guid":{"rendered":"https:\/\/moblespladevall.cat\/?post_type=product&#038;p=2942"},"modified":"2025-04-18T18:20:30","modified_gmt":"2025-04-18T18:20:30","slug":"bali","status":"publish","type":"product","link":"https:\/\/moblespladevall.cat\/es\/producto\/bali","title":{"rendered":"Bali"},"content":{"rendered":"<p>El sof\u00e1 Bali es una opci\u00f3n funcional con un dise\u00f1o contempor\u00e1neo y equilibrado, perfecto para espacios que priorizan el confort diario sin renunciar a la est\u00e9tica. Su estructura de madera de pino macizo y el tapizado en tela ORNELLA Easy Clean garantizan durabilidad, suavidad al tacto y f\u00e1cil mantenimiento.<\/p>\n<p>Los respaldos y brazos est\u00e1n rellenos de fibra hueca siliconada, mientras que los asientos incorporan espuma HR de 28kg combinada con fibra, lo que proporciona una sentada c\u00f3moda y esponjosa. Los cabeceros reclinables permiten adaptar la posici\u00f3n de descanso a cada usuario.<\/p>\n<p>Dispone de asientos deslizantes con carro al suelo para ampliar el espacio de uso de forma sencilla. Adem\u00e1s, el conjunto es totalmente desenfundable y los brazos se sirven desmontados, lo que facilita el transporte y optimiza el volumen del embalaje.<\/p>\n<p>Las patas son de madera en acabado negro.<\/p>\n<p>Medidas sof\u00e1: 265 x 105 x 108 cm<br \/>\nSalida deslizante: 50 cm<br \/>\nAncho asiento: 70 cm<br \/>\nProductos similares:<\/p>","protected":false},"excerpt":{"rendered":"<p>El sof\u00e1 Bali es una opci\u00f3n funcional con un dise\u00f1o contempor\u00e1neo y equilibrado, perfecto para espacios que priorizan el confort diario sin renunciar a la est\u00e9tica. Su estructura de madera de pino macizo y el tapizado en tela ORNELLA Easy Clean garantizan durabilidad, suavidad al tacto y f\u00e1cil mantenimiento. Los respaldos y brazos est\u00e1n rellenos de fibra hueca siliconada, mientras que los asientos incorporan espuma HR de 28kg combinada con fibra, lo que proporciona una&hellip;<\/p>\n","protected":false},"featured_media":2945,"template":"","meta":[],"product_brand":[],"product_cat":[140,61,15],"product_tag":[],"class_list":{"0":"post-2942","1":"product","2":"type-product","3":"status-publish","4":"has-post-thumbnail","6":"product_cat-cheislong","7":"product_cat-tapiceria","8":"product_cat-varios","9":"no-thumbnail","11":"first","12":"instock","13":"shipping-taxable","14":"purchasable","15":"product-type-variable"},"jetpack_sharing_enabled":true,"_links":{"self":[{"href":"https:\/\/moblespladevall.cat\/es\/wp-json\/wp\/v2\/product\/2942","targetHints":{"allow":["GET"]}}],"collection":[{"href":"https:\/\/moblespladevall.cat\/es\/wp-json\/wp\/v2\/product"}],"about":[{"href":"https:\/\/moblespladevall.cat\/es\/wp-json\/wp\/v2\/types\/product"}],"wp:featuredmedia":[{"embeddable":true,"href":"https:\/\/moblespladevall.cat\/es\/wp-json\/wp\/v2\/media\/2945"}],"wp:attachment":[{"href":"https:\/\/moblespladevall.cat\/es\/wp-json\/wp\/v2\/media?parent=2942"}],"wp:term":[{"taxonomy":"product_brand","embeddable":true,"href":"https:\/\/moblespladevall.cat\/es\/wp-json\/wp\/v2\/product_brand?post=2942"},{"taxonomy":"product_cat","embeddable":true,"href":"https:\/\/moblespladevall.cat\/es\/wp-json\/wp\/v2\/product_cat?post=2942"},{"taxonomy":"product_tag","embeddable":true,"href":"https:\/\/moblespladevall.cat\/es\/wp-json\/wp\/v2\/product_tag?post=2942"}],"curies":[{"name":"wp","href":"https:\/\/api.w.org\/{rel}","templated":true}]}}