{"id":2948,"date":"2025-04-18T18:31:02","date_gmt":"2025-04-18T18:31:02","guid":{"rendered":"https:\/\/moblespladevall.cat\/?post_type=product&#038;p=2948"},"modified":"2025-04-18T18:43:35","modified_gmt":"2025-04-18T18:43:35","slug":"aura","status":"publish","type":"product","link":"https:\/\/moblespladevall.cat\/es\/producto\/aura","title":{"rendered":"Aura"},"content":{"rendered":"<p>El sof\u00e1 Aura es una chaiselongue compacta y funcional, perfecta para optimizar el espacio sin renunciar al dise\u00f1o. Fabricado con estructura de madera de pino macizo y tapizado en tela MAGNOL Easy Clean, combina resistencia y f\u00e1cil mantenimiento. Los respaldos y cojines est\u00e1n rellenos de fibra hueca siliconada, y los asientos cuentan con espuma HR de 25kg para un confort duradero.<\/p>\n<p>Incluye cabeceros reclinables, asientos deslizantes con bandeja, chaiselongue con arc\u00f3n integrado y es totalmente desenfundable. Como extras, incorpora 2 cojines decorativos y 2 pouffs ocultos en el brazo. Las patas met\u00e1licas cromadas completan su est\u00e9tica moderna.<\/p>\n<ul>\n<li>Medidas sof\u00e1: 240 x 105 x 90 cm<\/li>\n<li>Medidas chaiselongue: 86 x 155 cm<\/li>\n<li>Salida deslizante: 20 cm<\/li>\n<li>Ancho asiento: 62 cm<\/li>\n<\/ul>\n<p><\/p>","protected":false},"excerpt":{"rendered":"<p>El sof\u00e1 Aura es una chaiselongue compacta y funcional, perfecta para optimizar el espacio sin renunciar al dise\u00f1o. Fabricado con estructura de madera de pino macizo y tapizado en tela MAGNOL Easy Clean, combina resistencia y f\u00e1cil mantenimiento. Los respaldos y cojines est\u00e1n rellenos de fibra hueca siliconada, y los asientos cuentan con espuma HR de 25kg para un confort duradero. Incluye cabeceros reclinables, asientos deslizantes con bandeja, chaiselongue con arc\u00f3n integrado y es totalmente&hellip;<\/p>\n","protected":false},"featured_media":2951,"template":"","meta":[],"product_brand":[],"product_cat":[140,61],"product_tag":[],"class_list":{"0":"post-2948","1":"product","2":"type-product","3":"status-publish","4":"has-post-thumbnail","6":"product_cat-cheislong","7":"product_cat-tapiceria","8":"no-thumbnail","10":"first","11":"instock","12":"shipping-taxable","13":"purchasable","14":"product-type-variable"},"jetpack_sharing_enabled":true,"_links":{"self":[{"href":"https:\/\/moblespladevall.cat\/es\/wp-json\/wp\/v2\/product\/2948","targetHints":{"allow":["GET"]}}],"collection":[{"href":"https:\/\/moblespladevall.cat\/es\/wp-json\/wp\/v2\/product"}],"about":[{"href":"https:\/\/moblespladevall.cat\/es\/wp-json\/wp\/v2\/types\/product"}],"wp:featuredmedia":[{"embeddable":true,"href":"https:\/\/moblespladevall.cat\/es\/wp-json\/wp\/v2\/media\/2951"}],"wp:attachment":[{"href":"https:\/\/moblespladevall.cat\/es\/wp-json\/wp\/v2\/media?parent=2948"}],"wp:term":[{"taxonomy":"product_brand","embeddable":true,"href":"https:\/\/moblespladevall.cat\/es\/wp-json\/wp\/v2\/product_brand?post=2948"},{"taxonomy":"product_cat","embeddable":true,"href":"https:\/\/moblespladevall.cat\/es\/wp-json\/wp\/v2\/product_cat?post=2948"},{"taxonomy":"product_tag","embeddable":true,"href":"https:\/\/moblespladevall.cat\/es\/wp-json\/wp\/v2\/product_tag?post=2948"}],"curies":[{"name":"wp","href":"https:\/\/api.w.org\/{rel}","templated":true}]}}