{"id":2965,"date":"2025-04-18T19:10:07","date_gmt":"2025-04-18T19:10:07","guid":{"rendered":"https:\/\/moblespladevall.cat\/?post_type=product&#038;p=2965"},"modified":"2025-04-18T19:10:08","modified_gmt":"2025-04-18T19:10:08","slug":"chic","status":"publish","type":"product","link":"https:\/\/moblespladevall.cat\/es\/producto\/chic","title":{"rendered":"Chic"},"content":{"rendered":"<p>l Sof\u00e1 Chic de 3 plazas, con un ancho de 185 cm, es ideal para quienes buscan una combinaci\u00f3n de estilo y durabilidad. Tapizado en tela DINO 1 Easy Clean, este modelo incorpora respaldo de FIBER-FOAM\u00ae y asiento HR de alta densidad (25kg), proporcionando una experiencia de descanso c\u00f3moda y duradera, perfecta para el uso diario.<\/p>\n<ul>\n<li>Medidas: 185x100x90cms<\/li>\n<li>El Sof\u00e1 Chic de 2 plazas es una opci\u00f3n compacta y funcional, ideal para espacios peque\u00f1os que no quieren renunciar a la comodidad. Su estructura de pino macizo y tapizado en tela DINO 1 Easy Clean lo hacen resistente y f\u00e1cil de mantener, mientras que el respaldo de FIBER-FOAM\u00ae y asiento HR de 25kg aseguran un soporte firme y duradero para el usuario.\n<ul>\n<li>Medidas: 145x100x90cm<\/li>\n<\/ul>\n<\/li>\n<\/ul>\n<p><\/p>","protected":false},"excerpt":{"rendered":"<p>l Sof\u00e1 Chic de 3 plazas, con un ancho de 185 cm, es ideal para quienes buscan una combinaci\u00f3n de estilo y durabilidad. Tapizado en tela DINO 1 Easy Clean, este modelo incorpora respaldo de FIBER-FOAM\u00ae y asiento HR de alta densidad (25kg), proporcionando una experiencia de descanso c\u00f3moda y duradera, perfecta para el uso diario. Medidas: 185x100x90cms El Sof\u00e1 Chic de 2 plazas es una opci\u00f3n compacta y funcional, ideal para espacios peque\u00f1os que&hellip;<\/p>\n","protected":false},"featured_media":2968,"template":"","meta":[],"product_brand":[],"product_cat":[142,61],"product_tag":[],"class_list":{"0":"post-2965","1":"product","2":"type-product","3":"status-publish","4":"has-post-thumbnail","6":"product_cat-3-places","7":"product_cat-tapiceria","8":"no-thumbnail","10":"first","11":"instock","12":"shipping-taxable","13":"purchasable","14":"product-type-variable"},"jetpack_sharing_enabled":true,"_links":{"self":[{"href":"https:\/\/moblespladevall.cat\/es\/wp-json\/wp\/v2\/product\/2965","targetHints":{"allow":["GET"]}}],"collection":[{"href":"https:\/\/moblespladevall.cat\/es\/wp-json\/wp\/v2\/product"}],"about":[{"href":"https:\/\/moblespladevall.cat\/es\/wp-json\/wp\/v2\/types\/product"}],"wp:featuredmedia":[{"embeddable":true,"href":"https:\/\/moblespladevall.cat\/es\/wp-json\/wp\/v2\/media\/2968"}],"wp:attachment":[{"href":"https:\/\/moblespladevall.cat\/es\/wp-json\/wp\/v2\/media?parent=2965"}],"wp:term":[{"taxonomy":"product_brand","embeddable":true,"href":"https:\/\/moblespladevall.cat\/es\/wp-json\/wp\/v2\/product_brand?post=2965"},{"taxonomy":"product_cat","embeddable":true,"href":"https:\/\/moblespladevall.cat\/es\/wp-json\/wp\/v2\/product_cat?post=2965"},{"taxonomy":"product_tag","embeddable":true,"href":"https:\/\/moblespladevall.cat\/es\/wp-json\/wp\/v2\/product_tag?post=2965"}],"curies":[{"name":"wp","href":"https:\/\/api.w.org\/{rel}","templated":true}]}}