{"id":2971,"date":"2025-04-18T19:18:40","date_gmt":"2025-04-18T19:18:40","guid":{"rendered":"https:\/\/moblespladevall.cat\/?post_type=product&#038;p=2971"},"modified":"2025-04-18T19:21:09","modified_gmt":"2025-04-18T19:21:09","slug":"onix","status":"publish","type":"product","link":"https:\/\/moblespladevall.cat\/es\/producto\/onix","title":{"rendered":"Onix"},"content":{"rendered":"<p>El sof\u00e1 Onyx est\u00e1 dise\u00f1ado para proporcionar comodidad en cualquier entorno. Equipado con dos relax el\u00e9ctricos que permiten el ajuste del respaldo y el reposapi\u00e9s de manera simult\u00e1nea en cada asiento. Fabricado con estructura de madera y contrachapado, tapizado en tela Bjorn antimanchas, y asientos HR de 28kg con muelles ensacados, garantiza confort y durabilidad. Incluye USB para cargar dispositivos. Resistencia m\u00e1xima de 130kg.<\/p>\n<ul>\n<li>Medidas: 198 x 107 x 94 cm<\/li>\n<\/ul>\n<p><\/p>","protected":false},"excerpt":{"rendered":"<p>El sof\u00e1 Onyx est\u00e1 dise\u00f1ado para proporcionar comodidad en cualquier entorno. Equipado con dos relax el\u00e9ctricos que permiten el ajuste del respaldo y el reposapi\u00e9s de manera simult\u00e1nea en cada asiento. Fabricado con estructura de madera y contrachapado, tapizado en tela Bjorn antimanchas, y asientos HR de 28kg con muelles ensacados, garantiza confort y durabilidad. Incluye USB para cargar dispositivos. Resistencia m\u00e1xima de 130kg. Medidas: 198 x 107 x 94 cm<\/p>\n","protected":false},"featured_media":2975,"template":"","meta":[],"product_brand":[],"product_cat":[141,61,15],"product_tag":[],"class_list":{"0":"post-2971","1":"product","2":"type-product","3":"status-publish","4":"has-post-thumbnail","6":"product_cat-mecanismes-electrics","7":"product_cat-tapiceria","8":"product_cat-varios","9":"no-thumbnail","11":"first","12":"instock","13":"shipping-taxable","14":"purchasable","15":"product-type-variable"},"jetpack_sharing_enabled":true,"_links":{"self":[{"href":"https:\/\/moblespladevall.cat\/es\/wp-json\/wp\/v2\/product\/2971","targetHints":{"allow":["GET"]}}],"collection":[{"href":"https:\/\/moblespladevall.cat\/es\/wp-json\/wp\/v2\/product"}],"about":[{"href":"https:\/\/moblespladevall.cat\/es\/wp-json\/wp\/v2\/types\/product"}],"wp:featuredmedia":[{"embeddable":true,"href":"https:\/\/moblespladevall.cat\/es\/wp-json\/wp\/v2\/media\/2975"}],"wp:attachment":[{"href":"https:\/\/moblespladevall.cat\/es\/wp-json\/wp\/v2\/media?parent=2971"}],"wp:term":[{"taxonomy":"product_brand","embeddable":true,"href":"https:\/\/moblespladevall.cat\/es\/wp-json\/wp\/v2\/product_brand?post=2971"},{"taxonomy":"product_cat","embeddable":true,"href":"https:\/\/moblespladevall.cat\/es\/wp-json\/wp\/v2\/product_cat?post=2971"},{"taxonomy":"product_tag","embeddable":true,"href":"https:\/\/moblespladevall.cat\/es\/wp-json\/wp\/v2\/product_tag?post=2971"}],"curies":[{"name":"wp","href":"https:\/\/api.w.org\/{rel}","templated":true}]}}