{"id":2982,"date":"2025-04-18T19:33:45","date_gmt":"2025-04-18T19:33:45","guid":{"rendered":"https:\/\/moblespladevall.cat\/?post_type=product&#038;p=2982"},"modified":"2025-04-18T19:33:45","modified_gmt":"2025-04-18T19:33:45","slug":"amber","status":"publish","type":"product","link":"https:\/\/moblespladevall.cat\/es\/producto\/amber","title":{"rendered":"Amber"},"content":{"rendered":"","protected":false},"excerpt":{"rendered":"<p>El sof\u00e1 Amber ofrece comodidad y estilo para cualquier espacio. Equipado con dos relax el\u00e9ctricos, cada uno accionado por un motor independiente, permite ajustar el respaldo y el reposapi\u00e9s simult\u00e1neamente en los asientos laterales. Fabricado con estructura de madera y contrachapado, tapizado en tela Bjorn antimanchas, y asientos HR de 28kg con muelles ensacados, asegura confort y resistencia. Incluye USB para cargar dispositivos. Resistencia m\u00e1xima de 130kg.<\/p>\n<ul>\n<li>Medidas: 197 x 103 x 99 cm<\/li>\n<\/ul>\n","protected":false},"featured_media":2985,"template":"","meta":[],"product_brand":[],"product_cat":[141,61],"product_tag":[],"class_list":{"0":"post-2982","1":"product","2":"type-product","3":"status-publish","4":"has-post-thumbnail","6":"product_cat-mecanismes-electrics","7":"product_cat-tapiceria","8":"no-thumbnail","10":"first","11":"instock","12":"shipping-taxable","13":"purchasable","14":"product-type-variable"},"jetpack_sharing_enabled":true,"_links":{"self":[{"href":"https:\/\/moblespladevall.cat\/es\/wp-json\/wp\/v2\/product\/2982","targetHints":{"allow":["GET"]}}],"collection":[{"href":"https:\/\/moblespladevall.cat\/es\/wp-json\/wp\/v2\/product"}],"about":[{"href":"https:\/\/moblespladevall.cat\/es\/wp-json\/wp\/v2\/types\/product"}],"wp:featuredmedia":[{"embeddable":true,"href":"https:\/\/moblespladevall.cat\/es\/wp-json\/wp\/v2\/media\/2985"}],"wp:attachment":[{"href":"https:\/\/moblespladevall.cat\/es\/wp-json\/wp\/v2\/media?parent=2982"}],"wp:term":[{"taxonomy":"product_brand","embeddable":true,"href":"https:\/\/moblespladevall.cat\/es\/wp-json\/wp\/v2\/product_brand?post=2982"},{"taxonomy":"product_cat","embeddable":true,"href":"https:\/\/moblespladevall.cat\/es\/wp-json\/wp\/v2\/product_cat?post=2982"},{"taxonomy":"product_tag","embeddable":true,"href":"https:\/\/moblespladevall.cat\/es\/wp-json\/wp\/v2\/product_tag?post=2982"}],"curies":[{"name":"wp","href":"https:\/\/api.w.org\/{rel}","templated":true}]}}