{"id":2997,"date":"2025-04-18T19:53:35","date_gmt":"2025-04-18T19:53:35","guid":{"rendered":"https:\/\/moblespladevall.cat\/?post_type=product&#038;p=2997"},"modified":"2025-04-18T19:56:12","modified_gmt":"2025-04-18T19:56:12","slug":"saona","status":"publish","type":"product","link":"https:\/\/moblespladevall.cat\/es\/producto\/saona","title":{"rendered":"Saona"},"content":{"rendered":"<p>El sof\u00e1-cama Saona es una soluci\u00f3n funcional y compacta para espacios que requieren practicidad sin renunciar al dise\u00f1o. Su estructura est\u00e1 fabricada en madera de pino macizo y el tapizado en tela STAR Easy Clean garantiza durabilidad y f\u00e1cil mantenimiento. Los respaldos est\u00e1n rellenos de gomaespuma picada, y el asiento incluye espuma HR de 25kg suave, ideal para un uso diario.<\/p>\n<p>El sistema de apertura tipo nido se acciona mediante dos tiradores frontales que deslizan el asiento revelando su arc\u00f3n interior. A continuaci\u00f3n, el respaldo se pliega hacia adelante para cerrar el arc\u00f3n y completar una amplia superficie de cama.<\/p>\n<p>Incluye cojines desenfundables.<\/p>\n<ul>\n<li>Medidas sof\u00e1 cerrado: 210 x 97 x 100 cm<\/li>\n<li>Medidas sof\u00e1 abierto: 210 x 65 x 145 cm<\/li>\n<li>Medidas cama: 145 x 48 x 190 cm<\/li>\n<\/ul>\n<p><\/p>","protected":false},"excerpt":{"rendered":"<p>El sof\u00e1-cama Saona es una soluci\u00f3n funcional y compacta para espacios que requieren practicidad sin renunciar al dise\u00f1o. Su estructura est\u00e1 fabricada en madera de pino macizo y el tapizado en tela STAR Easy Clean garantiza durabilidad y f\u00e1cil mantenimiento. Los respaldos est\u00e1n rellenos de gomaespuma picada, y el asiento incluye espuma HR de 25kg suave, ideal para un uso diario. El sistema de apertura tipo nido se acciona mediante dos tiradores frontales que deslizan&hellip;<\/p>\n","protected":false},"featured_media":3000,"template":"","meta":[],"product_brand":[],"product_cat":[144,61],"product_tag":[],"class_list":{"0":"post-2997","1":"product","2":"type-product","3":"status-publish","4":"has-post-thumbnail","6":"product_cat-sofas-llit","7":"product_cat-tapiceria","8":"no-thumbnail","10":"first","11":"instock","12":"shipping-taxable","13":"purchasable","14":"product-type-variable"},"jetpack_sharing_enabled":true,"_links":{"self":[{"href":"https:\/\/moblespladevall.cat\/es\/wp-json\/wp\/v2\/product\/2997","targetHints":{"allow":["GET"]}}],"collection":[{"href":"https:\/\/moblespladevall.cat\/es\/wp-json\/wp\/v2\/product"}],"about":[{"href":"https:\/\/moblespladevall.cat\/es\/wp-json\/wp\/v2\/types\/product"}],"wp:featuredmedia":[{"embeddable":true,"href":"https:\/\/moblespladevall.cat\/es\/wp-json\/wp\/v2\/media\/3000"}],"wp:attachment":[{"href":"https:\/\/moblespladevall.cat\/es\/wp-json\/wp\/v2\/media?parent=2997"}],"wp:term":[{"taxonomy":"product_brand","embeddable":true,"href":"https:\/\/moblespladevall.cat\/es\/wp-json\/wp\/v2\/product_brand?post=2997"},{"taxonomy":"product_cat","embeddable":true,"href":"https:\/\/moblespladevall.cat\/es\/wp-json\/wp\/v2\/product_cat?post=2997"},{"taxonomy":"product_tag","embeddable":true,"href":"https:\/\/moblespladevall.cat\/es\/wp-json\/wp\/v2\/product_tag?post=2997"}],"curies":[{"name":"wp","href":"https:\/\/api.w.org\/{rel}","templated":true}]}}