{"id":3019,"date":"2025-04-18T20:35:29","date_gmt":"2025-04-18T20:35:29","guid":{"rendered":"https:\/\/moblespladevall.cat\/?post_type=product&#038;p=3019"},"modified":"2025-04-18T20:35:39","modified_gmt":"2025-04-18T20:35:39","slug":"bellagio","status":"publish","type":"product","link":"https:\/\/moblespladevall.cat\/es\/producto\/bellagio","title":{"rendered":"Bellagio"},"content":{"rendered":"<p>El sill\u00f3n Bellagio destaca por su dise\u00f1o moderno y su sistema de relajaci\u00f3n avanzado. Fabricado con estructura de madera y contrachapado, est\u00e1 tapizado en tela ARAGON antimanchas, con respaldo y brazos rellenos de fibra hueca siliconada y asiento de espuma HR de 30kg, que garantiza un soporte c\u00f3modo y duradero.<\/p>\n<p>Su principal atractivo es la posici\u00f3n\u00a0<strong>Zero Gravity<\/strong>, tambi\u00e9n conocida como equilibrio coraz\u00f3n. Esta posici\u00f3n eleva las piernas a la altura del coraz\u00f3n, favoreciendo la circulaci\u00f3n sangu\u00ednea, reduciendo la presi\u00f3n sobre la espalda, distribuyendo el peso de forma uniforme y proporcionando una sensaci\u00f3n de ingravidez que alivia tensiones musculares y articulares.<\/p>\n<p>Incluye un sistema relax el\u00e9ctrico de 1 motor, cabezal regulable en varias posiciones, giro 360\u00ba, base met\u00e1lica negro mate y mando con puertos USB y USB-C. Resistencia m\u00e1xima de 130kg.<\/p>\n<ul>\n<li>Medidas: 75 x 113 x 94 cm<\/li>\n<\/ul>\n<p><\/p>","protected":false},"excerpt":{"rendered":"<p>El sill\u00f3n Bellagio destaca por su dise\u00f1o moderno y su sistema de relajaci\u00f3n avanzado. Fabricado con estructura de madera y contrachapado, est\u00e1 tapizado en tela ARAGON antimanchas, con respaldo y brazos rellenos de fibra hueca siliconada y asiento de espuma HR de 30kg, que garantiza un soporte c\u00f3modo y duradero. Su principal atractivo es la posici\u00f3n\u00a0Zero Gravity, tambi\u00e9n conocida como equilibrio coraz\u00f3n. Esta posici\u00f3n eleva las piernas a la altura del coraz\u00f3n, favoreciendo la circulaci\u00f3n&hellip;<\/p>\n","protected":false},"featured_media":3022,"template":"","meta":[],"product_brand":[],"product_cat":[143,61],"product_tag":[],"class_list":{"0":"post-3019","1":"product","2":"type-product","3":"status-publish","4":"has-post-thumbnail","6":"product_cat-sillons","7":"product_cat-tapiceria","8":"no-thumbnail","10":"first","11":"instock","12":"shipping-taxable","13":"purchasable","14":"product-type-variable"},"jetpack_sharing_enabled":true,"_links":{"self":[{"href":"https:\/\/moblespladevall.cat\/es\/wp-json\/wp\/v2\/product\/3019","targetHints":{"allow":["GET"]}}],"collection":[{"href":"https:\/\/moblespladevall.cat\/es\/wp-json\/wp\/v2\/product"}],"about":[{"href":"https:\/\/moblespladevall.cat\/es\/wp-json\/wp\/v2\/types\/product"}],"wp:featuredmedia":[{"embeddable":true,"href":"https:\/\/moblespladevall.cat\/es\/wp-json\/wp\/v2\/media\/3022"}],"wp:attachment":[{"href":"https:\/\/moblespladevall.cat\/es\/wp-json\/wp\/v2\/media?parent=3019"}],"wp:term":[{"taxonomy":"product_brand","embeddable":true,"href":"https:\/\/moblespladevall.cat\/es\/wp-json\/wp\/v2\/product_brand?post=3019"},{"taxonomy":"product_cat","embeddable":true,"href":"https:\/\/moblespladevall.cat\/es\/wp-json\/wp\/v2\/product_cat?post=3019"},{"taxonomy":"product_tag","embeddable":true,"href":"https:\/\/moblespladevall.cat\/es\/wp-json\/wp\/v2\/product_tag?post=3019"}],"curies":[{"name":"wp","href":"https:\/\/api.w.org\/{rel}","templated":true}]}}