{"id":3028,"date":"2025-04-18T20:43:40","date_gmt":"2025-04-18T20:43:40","guid":{"rendered":"https:\/\/moblespladevall.cat\/?post_type=product&#038;p=3028"},"modified":"2025-04-18T20:44:00","modified_gmt":"2025-04-18T20:44:00","slug":"modena","status":"publish","type":"product","link":"https:\/\/moblespladevall.cat\/es\/producto\/modena","title":{"rendered":"Modena"},"content":{"rendered":"<p>El sill\u00f3n Modena combina dise\u00f1o contempor\u00e1neo y funcionalidad avanzada, ideal para zonas de relax o lectura. Su estructura est\u00e1 fabricada en madera y contrachapado, y est\u00e1 tapizado en tela BJORN antimanchas. El respaldo y los brazos est\u00e1n rellenos de espuma HR, mientras que el asiento incorpora HR de 32kg, ofreciendo un buen soporte y comodidad a partes iguales.<\/p>\n<p>Incluye un sistema relax el\u00e9ctrico de 2 motores, que permite ajustar de forma independiente el respaldo y el reposapi\u00e9s. El cabezal es manual y cuenta con doble regulaci\u00f3n que permite ajustar tanto la altura como la inclinaci\u00f3n del \u00e1ngulo, adapt\u00e1ndose a distintas posturas y ofreciendo un extra de confort personalizado.<\/p>\n<p>El modelo incluye sistema giratorio 360\u00ba, base met\u00e1lica en negro mate, bot\u00f3n de cierre autom\u00e1tico y mando con puerto USB. Resistencia m\u00e1xima: 130kg.<\/p>\n<ul>\n<li>Medidas: 77 x 111 x 83 cm<\/li>\n<\/ul>\n<p><\/p>","protected":false},"excerpt":{"rendered":"<p>El sill\u00f3n Modena combina dise\u00f1o contempor\u00e1neo y funcionalidad avanzada, ideal para zonas de relax o lectura. Su estructura est\u00e1 fabricada en madera y contrachapado, y est\u00e1 tapizado en tela BJORN antimanchas. El respaldo y los brazos est\u00e1n rellenos de espuma HR, mientras que el asiento incorpora HR de 32kg, ofreciendo un buen soporte y comodidad a partes iguales. Incluye un sistema relax el\u00e9ctrico de 2 motores, que permite ajustar de forma independiente el respaldo y&hellip;<\/p>\n","protected":false},"featured_media":3031,"template":"","meta":[],"product_brand":[],"product_cat":[143,61],"product_tag":[],"class_list":{"0":"post-3028","1":"product","2":"type-product","3":"status-publish","4":"has-post-thumbnail","6":"product_cat-sillons","7":"product_cat-tapiceria","8":"no-thumbnail","10":"first","11":"instock","12":"shipping-taxable","13":"purchasable","14":"product-type-variable"},"jetpack_sharing_enabled":true,"_links":{"self":[{"href":"https:\/\/moblespladevall.cat\/es\/wp-json\/wp\/v2\/product\/3028","targetHints":{"allow":["GET"]}}],"collection":[{"href":"https:\/\/moblespladevall.cat\/es\/wp-json\/wp\/v2\/product"}],"about":[{"href":"https:\/\/moblespladevall.cat\/es\/wp-json\/wp\/v2\/types\/product"}],"wp:featuredmedia":[{"embeddable":true,"href":"https:\/\/moblespladevall.cat\/es\/wp-json\/wp\/v2\/media\/3031"}],"wp:attachment":[{"href":"https:\/\/moblespladevall.cat\/es\/wp-json\/wp\/v2\/media?parent=3028"}],"wp:term":[{"taxonomy":"product_brand","embeddable":true,"href":"https:\/\/moblespladevall.cat\/es\/wp-json\/wp\/v2\/product_brand?post=3028"},{"taxonomy":"product_cat","embeddable":true,"href":"https:\/\/moblespladevall.cat\/es\/wp-json\/wp\/v2\/product_cat?post=3028"},{"taxonomy":"product_tag","embeddable":true,"href":"https:\/\/moblespladevall.cat\/es\/wp-json\/wp\/v2\/product_tag?post=3028"}],"curies":[{"name":"wp","href":"https:\/\/api.w.org\/{rel}","templated":true}]}}