{"id":3045,"date":"2025-04-18T21:03:57","date_gmt":"2025-04-18T21:03:57","guid":{"rendered":"https:\/\/moblespladevall.cat\/?post_type=product&#038;p=3045"},"modified":"2025-04-18T21:03:58","modified_gmt":"2025-04-18T21:03:58","slug":"vega","status":"publish","type":"product","link":"https:\/\/moblespladevall.cat\/es\/producto\/vega","title":{"rendered":"Vega"},"content":{"rendered":"<p>El sill\u00f3n Vega est\u00e1 dise\u00f1ado para ofrecer un confort personalizado y funcionalidad avanzada, ideal para clientes que buscan comodidad y asistencia. Su sistema de 2 motores permite ajustar de manera independiente el respaldo y el reposapi\u00e9s, adapt\u00e1ndose a las necesidades espec\u00edficas de cada usuario. Fabricado con estructura de madera y contrachapado, y tapizado en tela Amadeus antimanchas, combina durabilidad y f\u00e1cil mantenimiento. Los respaldos y brazos est\u00e1n rellenos de fibra virgen, mientras que los asientos incluyen espuma HR de 28kg y muelles ensacados para un soporte \u00f3ptimo. Adem\u00e1s, cuenta con la funci\u00f3n Power-Lift, facilitando la incorporaci\u00f3n. Resistencia m\u00e1xima de 130kg.<\/p>\n<ul>\n<li>Medidas: 67 x 111 x 89 cm<\/li>\n<\/ul>\n<p><\/p>","protected":false},"excerpt":{"rendered":"<p>El sill\u00f3n Vega est\u00e1 dise\u00f1ado para ofrecer un confort personalizado y funcionalidad avanzada, ideal para clientes que buscan comodidad y asistencia. Su sistema de 2 motores permite ajustar de manera independiente el respaldo y el reposapi\u00e9s, adapt\u00e1ndose a las necesidades espec\u00edficas de cada usuario. Fabricado con estructura de madera y contrachapado, y tapizado en tela Amadeus antimanchas, combina durabilidad y f\u00e1cil mantenimiento. Los respaldos y brazos est\u00e1n rellenos de fibra virgen, mientras que los asientos&hellip;<\/p>\n","protected":false},"featured_media":3048,"template":"","meta":[],"product_brand":[],"product_cat":[143,61],"product_tag":[],"class_list":{"0":"post-3045","1":"product","2":"type-product","3":"status-publish","4":"has-post-thumbnail","6":"product_cat-sillons","7":"product_cat-tapiceria","8":"no-thumbnail","10":"first","11":"instock","12":"shipping-taxable","13":"purchasable","14":"product-type-variable"},"jetpack_sharing_enabled":true,"_links":{"self":[{"href":"https:\/\/moblespladevall.cat\/es\/wp-json\/wp\/v2\/product\/3045","targetHints":{"allow":["GET"]}}],"collection":[{"href":"https:\/\/moblespladevall.cat\/es\/wp-json\/wp\/v2\/product"}],"about":[{"href":"https:\/\/moblespladevall.cat\/es\/wp-json\/wp\/v2\/types\/product"}],"wp:featuredmedia":[{"embeddable":true,"href":"https:\/\/moblespladevall.cat\/es\/wp-json\/wp\/v2\/media\/3048"}],"wp:attachment":[{"href":"https:\/\/moblespladevall.cat\/es\/wp-json\/wp\/v2\/media?parent=3045"}],"wp:term":[{"taxonomy":"product_brand","embeddable":true,"href":"https:\/\/moblespladevall.cat\/es\/wp-json\/wp\/v2\/product_brand?post=3045"},{"taxonomy":"product_cat","embeddable":true,"href":"https:\/\/moblespladevall.cat\/es\/wp-json\/wp\/v2\/product_cat?post=3045"},{"taxonomy":"product_tag","embeddable":true,"href":"https:\/\/moblespladevall.cat\/es\/wp-json\/wp\/v2\/product_tag?post=3045"}],"curies":[{"name":"wp","href":"https:\/\/api.w.org\/{rel}","templated":true}]}}