{"id":3068,"date":"2025-04-18T21:29:09","date_gmt":"2025-04-18T21:29:09","guid":{"rendered":"https:\/\/moblespladevall.cat\/?post_type=product&#038;p=3068"},"modified":"2025-04-18T21:29:10","modified_gmt":"2025-04-18T21:29:10","slug":"coral","status":"publish","type":"product","link":"https:\/\/moblespladevall.cat\/es\/producto\/coral","title":{"rendered":"Coral"},"content":{"rendered":"<p>El sill\u00f3n Coral es una opci\u00f3n compacta y funcional, con un sistema el\u00e9ctrico de 1 motor para ajustar simult\u00e1neamente el respaldo y el reposapi\u00e9s. Fabricado con estructura de madera y contrachapado, tapizado en tela Bjorn antimanchas, y asientos HR de 28kg con muelles ensacados, es ideal para complementar cualquier espacio de descanso. Resistencia m\u00e1xima de 130kg.<\/p>\n<ul>\n<li>Medidas: 80 x 107 x 94 cm<\/li>\n<\/ul>\n<p><\/p>","protected":false},"excerpt":{"rendered":"<p>El sill\u00f3n Coral es una opci\u00f3n compacta y funcional, con un sistema el\u00e9ctrico de 1 motor para ajustar simult\u00e1neamente el respaldo y el reposapi\u00e9s. Fabricado con estructura de madera y contrachapado, tapizado en tela Bjorn antimanchas, y asientos HR de 28kg con muelles ensacados, es ideal para complementar cualquier espacio de descanso. Resistencia m\u00e1xima de 130kg. Medidas: 80 x 107 x 94 cm<\/p>\n","protected":false},"featured_media":3073,"template":"","meta":[],"product_brand":[],"product_cat":[143,61],"product_tag":[],"class_list":{"0":"post-3068","1":"product","2":"type-product","3":"status-publish","4":"has-post-thumbnail","6":"product_cat-sillons","7":"product_cat-tapiceria","8":"no-thumbnail","10":"first","11":"instock","12":"shipping-taxable","13":"purchasable","14":"product-type-variable"},"jetpack_sharing_enabled":true,"_links":{"self":[{"href":"https:\/\/moblespladevall.cat\/es\/wp-json\/wp\/v2\/product\/3068","targetHints":{"allow":["GET"]}}],"collection":[{"href":"https:\/\/moblespladevall.cat\/es\/wp-json\/wp\/v2\/product"}],"about":[{"href":"https:\/\/moblespladevall.cat\/es\/wp-json\/wp\/v2\/types\/product"}],"wp:featuredmedia":[{"embeddable":true,"href":"https:\/\/moblespladevall.cat\/es\/wp-json\/wp\/v2\/media\/3073"}],"wp:attachment":[{"href":"https:\/\/moblespladevall.cat\/es\/wp-json\/wp\/v2\/media?parent=3068"}],"wp:term":[{"taxonomy":"product_brand","embeddable":true,"href":"https:\/\/moblespladevall.cat\/es\/wp-json\/wp\/v2\/product_brand?post=3068"},{"taxonomy":"product_cat","embeddable":true,"href":"https:\/\/moblespladevall.cat\/es\/wp-json\/wp\/v2\/product_cat?post=3068"},{"taxonomy":"product_tag","embeddable":true,"href":"https:\/\/moblespladevall.cat\/es\/wp-json\/wp\/v2\/product_tag?post=3068"}],"curies":[{"name":"wp","href":"https:\/\/api.w.org\/{rel}","templated":true}]}}