{"id":3095,"date":"2025-04-18T22:00:18","date_gmt":"2025-04-18T22:00:18","guid":{"rendered":"https:\/\/moblespladevall.cat\/?post_type=product&#038;p=3095"},"modified":"2025-04-18T22:00:19","modified_gmt":"2025-04-18T22:00:19","slug":"simphony","status":"publish","type":"product","link":"https:\/\/moblespladevall.cat\/es\/producto\/simphony","title":{"rendered":"Simphony"},"content":{"rendered":"<p>El Sill\u00f3n Simphony es un modelo fijo que destaca por su elegancia y confort. Fabricado con estructura de madera de pino, tapizado en tela DINO Easy Clean, y con patas de madera wengu\u00e9, ofrece una est\u00e9tica refinada. Su asiento HR de 25kg asegura un soporte c\u00f3modo y duradero, ideal para el uso diario.<\/p>\n<ul>\n<li>Medidas: 80x108x65cm<\/li>\n<li>Altura asiento: 50cm<\/li>\n<\/ul>\n<p><\/p>","protected":false},"excerpt":{"rendered":"<p>El Sill\u00f3n Simphony es un modelo fijo que destaca por su elegancia y confort. Fabricado con estructura de madera de pino, tapizado en tela DINO Easy Clean, y con patas de madera wengu\u00e9, ofrece una est\u00e9tica refinada. Su asiento HR de 25kg asegura un soporte c\u00f3modo y duradero, ideal para el uso diario. Medidas: 80x108x65cm Altura asiento: 50cm<\/p>\n","protected":false},"featured_media":3099,"template":"","meta":[],"product_brand":[],"product_cat":[143,61],"product_tag":[],"class_list":{"0":"post-3095","1":"product","2":"type-product","3":"status-publish","4":"has-post-thumbnail","6":"product_cat-sillons","7":"product_cat-tapiceria","8":"no-thumbnail","10":"first","11":"instock","12":"shipping-taxable","13":"purchasable","14":"product-type-variable"},"jetpack_sharing_enabled":true,"_links":{"self":[{"href":"https:\/\/moblespladevall.cat\/es\/wp-json\/wp\/v2\/product\/3095","targetHints":{"allow":["GET"]}}],"collection":[{"href":"https:\/\/moblespladevall.cat\/es\/wp-json\/wp\/v2\/product"}],"about":[{"href":"https:\/\/moblespladevall.cat\/es\/wp-json\/wp\/v2\/types\/product"}],"wp:featuredmedia":[{"embeddable":true,"href":"https:\/\/moblespladevall.cat\/es\/wp-json\/wp\/v2\/media\/3099"}],"wp:attachment":[{"href":"https:\/\/moblespladevall.cat\/es\/wp-json\/wp\/v2\/media?parent=3095"}],"wp:term":[{"taxonomy":"product_brand","embeddable":true,"href":"https:\/\/moblespladevall.cat\/es\/wp-json\/wp\/v2\/product_brand?post=3095"},{"taxonomy":"product_cat","embeddable":true,"href":"https:\/\/moblespladevall.cat\/es\/wp-json\/wp\/v2\/product_cat?post=3095"},{"taxonomy":"product_tag","embeddable":true,"href":"https:\/\/moblespladevall.cat\/es\/wp-json\/wp\/v2\/product_tag?post=3095"}],"curies":[{"name":"wp","href":"https:\/\/api.w.org\/{rel}","templated":true}]}}