{"id":3216,"date":"2025-04-19T09:37:50","date_gmt":"2025-04-19T09:37:50","guid":{"rendered":"https:\/\/moblespladevall.cat\/?post_type=product&#038;p=3216"},"modified":"2025-04-19T09:37:50","modified_gmt":"2025-04-19T09:37:50","slug":"berg","status":"publish","type":"product","link":"https:\/\/moblespladevall.cat\/es\/producto\/berg","title":{"rendered":"Berg"},"content":{"rendered":"<p>La mesa Berg, de estilo r\u00fastico, incluye una estructura met\u00e1lica negra y sobre de madera maciza de 5,4cm con un sistema de extensi\u00f3n tipo carro, lo que permite ampliar su superficie para recibir invitados.<\/p>\n<ul>\n<li>Medidas: 100-140-180 x 76 x 100 cm<\/li>\n<\/ul>\n<p><\/p>","protected":false},"excerpt":{"rendered":"<p>La mesa Berg, de estilo r\u00fastico, incluye una estructura met\u00e1lica negra y sobre de madera maciza de 5,4cm con un sistema de extensi\u00f3n tipo carro, lo que permite ampliar su superficie para recibir invitados. Medidas: 100-140-180 x 76 x 100 cm<\/p>\n","protected":false},"featured_media":3217,"template":"","meta":[],"product_brand":[],"product_cat":[121],"product_tag":[],"class_list":{"0":"post-3216","1":"product","2":"type-product","3":"status-publish","4":"has-post-thumbnail","6":"product_cat-taules","7":"no-thumbnail","9":"first","10":"instock","11":"shipping-taxable","12":"purchasable","13":"product-type-simple"},"jetpack_sharing_enabled":true,"_links":{"self":[{"href":"https:\/\/moblespladevall.cat\/es\/wp-json\/wp\/v2\/product\/3216","targetHints":{"allow":["GET"]}}],"collection":[{"href":"https:\/\/moblespladevall.cat\/es\/wp-json\/wp\/v2\/product"}],"about":[{"href":"https:\/\/moblespladevall.cat\/es\/wp-json\/wp\/v2\/types\/product"}],"wp:featuredmedia":[{"embeddable":true,"href":"https:\/\/moblespladevall.cat\/es\/wp-json\/wp\/v2\/media\/3217"}],"wp:attachment":[{"href":"https:\/\/moblespladevall.cat\/es\/wp-json\/wp\/v2\/media?parent=3216"}],"wp:term":[{"taxonomy":"product_brand","embeddable":true,"href":"https:\/\/moblespladevall.cat\/es\/wp-json\/wp\/v2\/product_brand?post=3216"},{"taxonomy":"product_cat","embeddable":true,"href":"https:\/\/moblespladevall.cat\/es\/wp-json\/wp\/v2\/product_cat?post=3216"},{"taxonomy":"product_tag","embeddable":true,"href":"https:\/\/moblespladevall.cat\/es\/wp-json\/wp\/v2\/product_tag?post=3216"}],"curies":[{"name":"wp","href":"https:\/\/api.w.org\/{rel}","templated":true}]}}