{"id":3239,"date":"2025-04-19T10:09:32","date_gmt":"2025-04-19T10:09:32","guid":{"rendered":"https:\/\/moblespladevall.cat\/?post_type=product&#038;p=3239"},"modified":"2025-04-19T10:09:32","modified_gmt":"2025-04-19T10:09:32","slug":"r480","status":"publish","type":"product","link":"https:\/\/moblespladevall.cat\/es\/producto\/r480","title":{"rendered":"R480"},"content":{"rendered":"<p>La mesa de comedor R480 cuenta con una estructura de melamina texturada que aporta un estilo moderno y funcional. Es una opci\u00f3n pr\u00e1ctica para comedores peque\u00f1os o medianos.<\/p>\n<ul>\n<li>Medidas: 120 x 76 x 80 cm<\/li>\n<\/ul>\n<p><\/p>","protected":false},"excerpt":{"rendered":"<p>La mesa de comedor R480 cuenta con una estructura de melamina texturada que aporta un estilo moderno y funcional. Es una opci\u00f3n pr\u00e1ctica para comedores peque\u00f1os o medianos. Medidas: 120 x 76 x 80 cm<\/p>\n","protected":false},"featured_media":3244,"template":"","meta":[],"product_brand":[],"product_cat":[121],"product_tag":[],"class_list":{"0":"post-3239","1":"product","2":"type-product","3":"status-publish","4":"has-post-thumbnail","6":"product_cat-taules","7":"no-thumbnail","9":"first","10":"instock","11":"shipping-taxable","12":"purchasable","13":"product-type-variable"},"jetpack_sharing_enabled":true,"_links":{"self":[{"href":"https:\/\/moblespladevall.cat\/es\/wp-json\/wp\/v2\/product\/3239","targetHints":{"allow":["GET"]}}],"collection":[{"href":"https:\/\/moblespladevall.cat\/es\/wp-json\/wp\/v2\/product"}],"about":[{"href":"https:\/\/moblespladevall.cat\/es\/wp-json\/wp\/v2\/types\/product"}],"wp:featuredmedia":[{"embeddable":true,"href":"https:\/\/moblespladevall.cat\/es\/wp-json\/wp\/v2\/media\/3244"}],"wp:attachment":[{"href":"https:\/\/moblespladevall.cat\/es\/wp-json\/wp\/v2\/media?parent=3239"}],"wp:term":[{"taxonomy":"product_brand","embeddable":true,"href":"https:\/\/moblespladevall.cat\/es\/wp-json\/wp\/v2\/product_brand?post=3239"},{"taxonomy":"product_cat","embeddable":true,"href":"https:\/\/moblespladevall.cat\/es\/wp-json\/wp\/v2\/product_cat?post=3239"},{"taxonomy":"product_tag","embeddable":true,"href":"https:\/\/moblespladevall.cat\/es\/wp-json\/wp\/v2\/product_tag?post=3239"}],"curies":[{"name":"wp","href":"https:\/\/api.w.org\/{rel}","templated":true}]}}